{"id":21,"date":"2019-01-09T03:20:18","date_gmt":"2019-01-09T03:20:18","guid":{"rendered":"https:\/\/themify.me\/demo\/themes\/ultra-horizontal\/?page_id=7"},"modified":"2020-12-05T01:52:01","modified_gmt":"2020-12-05T00:52:01","slug":"home","status":"publish","type":"page","link":"https:\/\/www.rijo-travel.de\/","title":{"rendered":"Home"},"content":{"rendered":"<!--themify-builder:block--><!--themify_builder_static--><h4><a href=\"#welcome\">\u00dcber uns<\/a><\/h4>\n<h4><a href=\"#portfolio\">Gallerie<\/a><\/h4>\n<h4><a href=\"#tagebuch\">Tagebuch<\/a><\/h4>\n<i><svg><use href=\"#tf-ti-angle-double-down\"><\/use><\/svg><\/i>\n<h3>sch\u00f6n, dass du hergefunden hast!<\/h3> <p>Ich bin ein Platzhalter f\u00fcr Rita und Josef\u00b4s Reise Tagebuch \/ Blog. schreibe mich, erfinde mich, erkl\u00e4re mich, presentiere mich, lies mich, teile mich, begr\u00fc\u00dfe mich, &#8230;#1<\/p> <p>Ich bin ein Platzhalter f\u00fcr Rita und Josef\u00b4s Reise Tagebuch \/ Blog. schreibe mich, erfinde mich, erkl\u00e4re mich, presentiere mich, lies mich, teile mich, begr\u00fc\u00dfe mich, &#8230;#2<\/p> <p>Ich bin ein Platzhalter f\u00fcr Rita und Josef\u00b4s Reise Tagebuch \/ Blog. schreibe mich, erfinde mich, erkl\u00e4re mich, presentiere mich, lies mich, teile mich, begr\u00fc\u00dfe mich, &#8230;#3<\/p>\n<div id='gallery-1' class='gallery galleryid-21 gallery-columns-3 gallery-size-thumbnail'><figure class='gallery-item'>\n\t\t\t<div class='gallery-icon landscape'>\n\t\t\t\t<a href='https:\/\/www.rijo-travel.de\/?attachment_id=75'><img decoding=\"async\" width=\"150\" height=\"150\" src=\"https:\/\/www.rijo-travel.de\/wp-content\/uploads\/2020\/11\/nature-challenger-150x150.jpg\" class=\"attachment-thumbnail size-thumbnail\" alt=\"\" srcset=\"https:\/\/www.rijo-travel.de\/wp-content\/uploads\/2020\/11\/nature-challenger-150x150.jpg 150w, https:\/\/www.rijo-travel.de\/wp-content\/uploads\/2020\/11\/nature-challenger-1024x683-1x1.jpg 1w\" sizes=\"(max-width: 150px) 100vw, 150px\" \/><\/a>\n\t\t\t<\/div><\/figure><figure class='gallery-item'>\n\t\t\t<div class='gallery-icon landscape'>\n\t\t\t\t<a href='https:\/\/www.rijo-travel.de\/?attachment_id=76'><img decoding=\"async\" width=\"150\" height=\"150\" src=\"https:\/\/www.rijo-travel.de\/wp-content\/uploads\/2020\/11\/the-adventurer-150x150.jpg\" class=\"attachment-thumbnail size-thumbnail\" alt=\"\" srcset=\"https:\/\/www.rijo-travel.de\/wp-content\/uploads\/2020\/11\/the-adventurer-150x150.jpg 150w, https:\/\/www.rijo-travel.de\/wp-content\/uploads\/2020\/11\/the-adventurer-1024x683-1x1.jpg 1w, https:\/\/www.rijo-travel.de\/wp-content\/uploads\/2020\/11\/the-adventurer-1024x683-300x300.jpg 300w, https:\/\/www.rijo-travel.de\/wp-content\/uploads\/2020\/11\/the-adventurer-1024x683-250x250.jpg 250w, https:\/\/www.rijo-travel.de\/wp-content\/uploads\/2020\/11\/the-adventurer-1024x683-47x48.jpg 47w\" sizes=\"(max-width: 150px) 100vw, 150px\" \/><\/a>\n\t\t\t<\/div><\/figure><figure class='gallery-item'>\n\t\t\t<div class='gallery-icon landscape'>\n\t\t\t\t<a href='https:\/\/www.rijo-travel.de\/?attachment_id=73'><img decoding=\"async\" width=\"150\" height=\"150\" src=\"https:\/\/www.rijo-travel.de\/wp-content\/uploads\/2020\/11\/walking-at-beach-150x150.jpg\" class=\"attachment-thumbnail size-thumbnail\" alt=\"\" srcset=\"https:\/\/www.rijo-travel.de\/wp-content\/uploads\/2020\/11\/walking-at-beach-150x150.jpg 150w, https:\/\/www.rijo-travel.de\/wp-content\/uploads\/2020\/11\/walking-at-beach-1024x683-47x48.jpg 47w\" sizes=\"(max-width: 150px) 100vw, 150px\" \/><\/a>\n\t\t\t<\/div><\/figure><figure class='gallery-item'>\n\t\t\t<div class='gallery-icon landscape'>\n\t\t\t\t<a href='https:\/\/www.rijo-travel.de\/?attachment_id=72'><img decoding=\"async\" width=\"150\" height=\"150\" src=\"https:\/\/www.rijo-travel.de\/wp-content\/uploads\/2020\/11\/beach-sand-150x150.jpg\" class=\"attachment-thumbnail size-thumbnail\" alt=\"\" srcset=\"https:\/\/www.rijo-travel.de\/wp-content\/uploads\/2020\/11\/beach-sand-150x150.jpg 150w, https:\/\/www.rijo-travel.de\/wp-content\/uploads\/2020\/11\/beach-sand-1024x679-1x1.jpg 1w, https:\/\/www.rijo-travel.de\/wp-content\/uploads\/2020\/11\/beach-sand-1024x679-300x300.jpg 300w, https:\/\/www.rijo-travel.de\/wp-content\/uploads\/2020\/11\/beach-sand-1024x679-250x250.jpg 250w, https:\/\/www.rijo-travel.de\/wp-content\/uploads\/2020\/11\/beach-sand-1024x679-47x48.jpg 47w\" sizes=\"(max-width: 150px) 100vw, 150px\" \/><\/a>\n\t\t\t<\/div><\/figure><figure class='gallery-item'>\n\t\t\t<div class='gallery-icon landscape'>\n\t\t\t\t<a href='https:\/\/www.rijo-travel.de\/?attachment_id=70'><img decoding=\"async\" width=\"150\" height=\"150\" src=\"https:\/\/www.rijo-travel.de\/wp-content\/uploads\/2020\/11\/footprint-on-snow-150x150.jpg\" class=\"attachment-thumbnail size-thumbnail\" alt=\"\" \/><\/a>\n\t\t\t<\/div><\/figure><figure class='gallery-item'>\n\t\t\t<div class='gallery-icon landscape'>\n\t\t\t\t<a href='https:\/\/www.rijo-travel.de\/?attachment_id=67'><img decoding=\"async\" width=\"150\" height=\"150\" src=\"https:\/\/www.rijo-travel.de\/wp-content\/uploads\/2020\/11\/ancient-temple-150x150.jpg\" class=\"attachment-thumbnail size-thumbnail\" alt=\"\" srcset=\"https:\/\/www.rijo-travel.de\/wp-content\/uploads\/2020\/11\/ancient-temple-150x150.jpg 150w, https:\/\/www.rijo-travel.de\/wp-content\/uploads\/2020\/11\/ancient-temple-1024x683-300x300.jpg 300w, https:\/\/www.rijo-travel.de\/wp-content\/uploads\/2020\/11\/ancient-temple-1024x683-250x250.jpg 250w, https:\/\/www.rijo-travel.de\/wp-content\/uploads\/2020\/11\/ancient-temple-1024x683-47x48.jpg 47w\" sizes=\"(max-width: 150px) 100vw, 150px\" \/><\/a>\n\t\t\t<\/div><\/figure><figure class='gallery-item'>\n\t\t\t<div class='gallery-icon landscape'>\n\t\t\t\t<a href='https:\/\/www.rijo-travel.de\/?attachment_id=69'><img decoding=\"async\" width=\"150\" height=\"150\" src=\"https:\/\/www.rijo-travel.de\/wp-content\/uploads\/2020\/11\/umbrellas-150x150.jpg\" class=\"attachment-thumbnail size-thumbnail\" alt=\"\" srcset=\"https:\/\/www.rijo-travel.de\/wp-content\/uploads\/2020\/11\/umbrellas-150x150.jpg 150w, https:\/\/www.rijo-travel.de\/wp-content\/uploads\/2020\/11\/umbrellas-1024x684-1x1.jpg 1w, https:\/\/www.rijo-travel.de\/wp-content\/uploads\/2020\/11\/umbrellas-1024x684-250x250.jpg 250w, https:\/\/www.rijo-travel.de\/wp-content\/uploads\/2020\/11\/umbrellas-1024x684-300x300.jpg 300w, https:\/\/www.rijo-travel.de\/wp-content\/uploads\/2020\/11\/umbrellas-1024x684-47x48.jpg 47w\" sizes=\"(max-width: 150px) 100vw, 150px\" \/><\/a>\n\t\t\t<\/div><\/figure><figure class='gallery-item'>\n\t\t\t<div class='gallery-icon landscape'>\n\t\t\t\t<a href='https:\/\/www.rijo-travel.de\/?attachment_id=63'><img decoding=\"async\" width=\"150\" height=\"150\" src=\"https:\/\/www.rijo-travel.de\/wp-content\/uploads\/2020\/11\/at-the-jungle-150x150.jpg\" class=\"attachment-thumbnail size-thumbnail\" alt=\"\" aria-describedby=\"gallery-1-63\" srcset=\"https:\/\/www.rijo-travel.de\/wp-content\/uploads\/2020\/11\/at-the-jungle-150x150.jpg 150w, https:\/\/www.rijo-travel.de\/wp-content\/uploads\/2020\/11\/at-the-jungle-1024x672-1x1.jpg 1w\" sizes=\"(max-width: 150px) 100vw, 150px\" \/><\/a>\n\t\t\t<\/div>\n\t\t\t\t<figcaption class='wp-caption-text gallery-caption' id='gallery-1-63'>\n\t\t\t\tWald\n\t\t\t\t<\/figcaption><\/figure><figure class='gallery-item'>\n\t\t\t<div class='gallery-icon landscape'>\n\t\t\t\t<a href='https:\/\/www.rijo-travel.de\/?attachment_id=66'><img decoding=\"async\" width=\"150\" height=\"150\" src=\"https:\/\/www.rijo-travel.de\/wp-content\/uploads\/2020\/11\/the-blue-sky-150x150.jpg\" class=\"attachment-thumbnail size-thumbnail\" alt=\"\" \/><\/a>\n\t\t\t<\/div><\/figure><figure class='gallery-item'>\n\t\t\t<div class='gallery-icon landscape'>\n\t\t\t\t<a href='https:\/\/www.rijo-travel.de\/?attachment_id=61'><img decoding=\"async\" width=\"150\" height=\"150\" src=\"https:\/\/www.rijo-travel.de\/wp-content\/uploads\/2020\/11\/winter-lake-150x150.jpg\" class=\"attachment-thumbnail size-thumbnail\" alt=\"\" \/><\/a>\n\t\t\t<\/div><\/figure><figure class='gallery-item'>\n\t\t\t<div class='gallery-icon landscape'>\n\t\t\t\t<a href='https:\/\/www.rijo-travel.de\/?attachment_id=5'><img decoding=\"async\" width=\"150\" height=\"150\" src=\"https:\/\/www.rijo-travel.de\/wp-content\/uploads\/2020\/11\/Ri-Jo_Logo_200x200-150x150.png\" class=\"attachment-thumbnail size-thumbnail\" alt=\"Logo\" aria-describedby=\"gallery-1-5\" srcset=\"https:\/\/www.rijo-travel.de\/wp-content\/uploads\/2020\/11\/Ri-Jo_Logo_200x200-150x150.png 150w, https:\/\/www.rijo-travel.de\/wp-content\/uploads\/2020\/11\/Ri-Jo_Logo_200x200-1x1.png 1w, https:\/\/www.rijo-travel.de\/wp-content\/uploads\/2020\/11\/Ri-Jo_Logo_200x200-800x800.png 800w, https:\/\/www.rijo-travel.de\/wp-content\/uploads\/2020\/11\/Ri-Jo_Logo_200x200-700x700.png 700w, https:\/\/www.rijo-travel.de\/wp-content\/uploads\/2020\/11\/Ri-Jo_Logo_200x200-600x600.png 600w, https:\/\/www.rijo-travel.de\/wp-content\/uploads\/2020\/11\/Ri-Jo_Logo_200x200.png 200w\" sizes=\"(max-width: 150px) 100vw, 150px\" \/><\/a>\n\t\t\t<\/div>\n\t\t\t\t<figcaption class='wp-caption-text gallery-caption' id='gallery-1-5'>\n\t\t\t\tLogo\n\t\t\t\t<\/figcaption><\/figure>\n\t\t<\/div>\n\n\n<h3>Melde dich!<\/h3> <p>Du kennst einen Ort, den wir unbedingt bereisen sollen? Du m\u00f6chtest deine Reiseerfahrungen mit uns teilen? Dann melde dich doch bei uns &#8211; wir freuen uns auf jede Nachricht.<\/p>\n<a href=\"mailto:rita.amer11@gmail.com\" target=\"_blank\" rel=\"nofollow noopener\"> <i><svg><use href=\"#tf-ti-email\"><\/use><\/svg><\/i> E-MAIL <\/a>\n<p>Josef Forkl &amp; Rita Amer<br \/>Karl-M\u00f6rike-Str. 42<br \/>D 72631 Aichtal<\/p> <p>rita.amer11[at]gmail.com<\/p>\n\n<ul id=\"menu-footer\"><li id=\"menu-item-88\"><a href=\"https:\/\/www.rijo-travel.de\/?page_id=80\">Datenschutz<\/a><\/li> <li id=\"menu-item-89\"><a href=\"https:\/\/www.rijo-travel.de\/?page_id=82\">Impressum<\/a><\/li> <\/ul>\n\n<p style=\"color:#ffff\"><a href=\"https:\/\/www.rijo-travel.de\/\">\u00a9 Ri-Jo | on tour<\/a> 2020<\/p> <p style=\"color:#ffff\">Powered by <a href=\"https:\/\/www.artive.studio\" target=\"_blank\" style=\"color: #dc053a\">ARTIVE.STUDIO<\/a> | <a href=\"mailto:info@artive.studio\" target=\"_blank\" style=\"color: #ffff\">info@artive.studio<\/a><\/p><!--\/themify_builder_static-->","protected":false},"excerpt":{"rendered":"<p>\u00dcber uns Gallerie Tagebuch sch\u00f6n, dass du hergefunden hast! Ich bin ein Platzhalter f\u00fcr Rita und Josef\u00b4s Reise Tagebuch \/ Blog. schreibe mich, erfinde mich, erkl\u00e4re mich, presentiere mich, lies mich, teile mich, begr\u00fc\u00dfe mich, &#8230;#1 Ich bin ein Platzhalter f\u00fcr Rita und Josef\u00b4s Reise Tagebuch \/ Blog. schreibe mich, erfinde mich, erkl\u00e4re mich, presentiere [&hellip;]<\/p>\n","protected":false},"author":1,"featured_media":0,"parent":0,"menu_order":0,"comment_status":"closed","ping_status":"closed","template":"","meta":{"footnotes":""},"class_list":["post-21","page","type-page","status-publish","hentry","has-post-title","has-post-date","has-post-category","has-post-tag","has-post-comment","has-post-author",""],"builder_content":"<h4><a href=\"#welcome\">\u00dcber uns<\/a><\/h4>\n<h4><a href=\"#portfolio\">Gallerie<\/a><\/h4>\n<h4><a href=\"#tagebuch\">Tagebuch<\/a><\/h4>\n<i><svg><use href=\"#tf-ti-angle-double-down\"><\/use><\/svg><\/i>\n<h3>sch\u00f6n, dass du hergefunden hast!<\/h3> <p>Ich bin ein Platzhalter f\u00fcr Rita und Josef\u00b4s Reise Tagebuch \/ Blog. schreibe mich, erfinde mich, erkl\u00e4re mich, presentiere mich, lies mich, teile mich, begr\u00fc\u00dfe mich, ...#1<\/p> <p>Ich bin ein Platzhalter f\u00fcr Rita und Josef\u00b4s Reise Tagebuch \/ Blog. schreibe mich, erfinde mich, erkl\u00e4re mich, presentiere mich, lies mich, teile mich, begr\u00fc\u00dfe mich, ...#2<\/p> <p>Ich bin ein Platzhalter f\u00fcr Rita und Josef\u00b4s Reise Tagebuch \/ Blog. schreibe mich, erfinde mich, erkl\u00e4re mich, presentiere mich, lies mich, teile mich, begr\u00fc\u00dfe mich, ...#3<\/p>\n[gallery ids=\"75,76,73,74,72,70,67,69,63,66,61,5\"]\n\n<h3>Melde dich!<\/h3> <p>Du kennst einen Ort, den wir unbedingt bereisen sollen? Du m\u00f6chtest deine Reiseerfahrungen mit uns teilen? Dann melde dich doch bei uns - wir freuen uns auf jede Nachricht.<\/p>\n<a href=\"mailto:rita.amer11@gmail.com\" target=\"_blank\" rel=\"nofollow noopener\"> <i><svg><use href=\"#tf-ti-email\"><\/use><\/svg><\/i> E-MAIL <\/a>\n<p>Josef Forkl &amp; Rita Amer<br \/>Karl-M\u00f6rike-Str. 42<br \/>D 72631 Aichtal<\/p> <p>rita.amer11[at]gmail.com<\/p>\n\n<ul id=\"menu-footer\"><li id=\"menu-item-88\"><a rel=\"privacy-policy\" href=\"https:\/\/www.rijo-travel.de\/?page_id=80\">Datenschutz<\/a><\/li> <li id=\"menu-item-89\"><a href=\"https:\/\/www.rijo-travel.de\/?page_id=82\">Impressum<\/a><\/li> <\/ul>\n\n<p style=\"color:#ffff\"><a href=\"https:\/\/www.rijo-travel.de\/\">\u00a9 Ri-Jo | on tour<\/a> 2020<\/p> <p style=\"color:#ffff\">Powered by <a href=\"https:\/\/www.artive.studio\" target=\"_blank\" style=\"color: #dc053a\">ARTIVE.STUDIO<\/a> | <a href=\"mailto:info@artive.studio\" target=\"_blank\" style=\"color: #ffff\">info@artive.studio<\/a><\/p>","_links":{"self":[{"href":"https:\/\/www.rijo-travel.de\/index.php?rest_route=\/wp\/v2\/pages\/21","targetHints":{"allow":["GET"]}}],"collection":[{"href":"https:\/\/www.rijo-travel.de\/index.php?rest_route=\/wp\/v2\/pages"}],"about":[{"href":"https:\/\/www.rijo-travel.de\/index.php?rest_route=\/wp\/v2\/types\/page"}],"author":[{"embeddable":true,"href":"https:\/\/www.rijo-travel.de\/index.php?rest_route=\/wp\/v2\/users\/1"}],"replies":[{"embeddable":true,"href":"https:\/\/www.rijo-travel.de\/index.php?rest_route=%2Fwp%2Fv2%2Fcomments&post=21"}],"version-history":[{"count":108,"href":"https:\/\/www.rijo-travel.de\/index.php?rest_route=\/wp\/v2\/pages\/21\/revisions"}],"predecessor-version":[{"id":282,"href":"https:\/\/www.rijo-travel.de\/index.php?rest_route=\/wp\/v2\/pages\/21\/revisions\/282"}],"wp:attachment":[{"href":"https:\/\/www.rijo-travel.de\/index.php?rest_route=%2Fwp%2Fv2%2Fmedia&parent=21"}],"curies":[{"name":"wp","href":"https:\/\/api.w.org\/{rel}","templated":true}]}}